{"id":3741,"date":"2024-01-18T05:53:33","date_gmt":"2024-01-18T05:53:33","guid":{"rendered":"http:\/\/192.168.0.130:10049\/?page_id=3741"},"modified":"2024-08-31T13:49:06","modified_gmt":"2024-08-31T13:49:06","slug":"about-us","status":"publish","type":"page","link":"https:\/\/lgs.az\/en\/about-us\/","title":{"rendered":"About us"},"content":{"rendered":"<div data-elementor-type=\"wp-page\" data-elementor-id=\"3741\" class=\"elementor elementor-3741\" data-elementor-post-type=\"page\">\n\t\t\t\t\r\n\t\t<div class=\"default no-position show_shadow rs-sticky-default elementor-element elementor-element-2544faa e-flex e-con-boxed e-con e-parent\" data-id=\"2544faa\" data-element_type=\"container\" data-e-type=\"container\">\n\t\t\t\t\t<div class=\"e-con-inner\">\n\t\t\r\n\t\t<div class=\"default no-position show_shadow rs-sticky-default elementor-element elementor-element-f41880c e-con-full e-flex e-con e-child\" data-id=\"f41880c\" data-element_type=\"container\" data-e-type=\"container\">\n\t\t\r\n\t\t\t\t<div class=\"elementor-element elementor-element-98600db elementor-absolute elementor-hidden-tablet elementor-hidden-mobile elementor-widget elementor-widget-rs-image\" data-id=\"98600db\" data-element_type=\"widget\" data-e-type=\"widget\" data-settings=\"{&quot;_position&quot;:&quot;absolute&quot;}\" data-widget_type=\"rs-image.default\">\n\t\t\t\t<div class=\"elementor-widget-container\">\n\t\t\t\t\t\n        <div class=\"rs-image no ruler_image_no ruler_position_\">\n                                                            <img decoding=\"async\" class=\"rs-multi-image  reverse- blend_unset\" src=\"https:\/\/industrie.rstheme.com\/oil\/wp-content\/uploads\/2024\/01\/about-h3-shape2.png\" alt=\"image\"\/>\n                                                                        <\/div>   \n          \n    \t\t\t\t<\/div>\n\t\t\t\t<\/div>\n\t\t\r\n\t\t\t\t<div class=\"elementor-element elementor-element-d6c67d7 elementor-absolute elementor-hidden-tablet elementor-hidden-mobile elementor-widget elementor-widget-rs-image\" data-id=\"d6c67d7\" data-element_type=\"widget\" data-e-type=\"widget\" data-settings=\"{&quot;_position&quot;:&quot;absolute&quot;}\" data-widget_type=\"rs-image.default\">\n\t\t\t\t<div class=\"elementor-widget-container\">\n\t\t\t\t\t\n        <div class=\"rs-image no ruler_image_no ruler_position_\">\n                                                            <img decoding=\"async\" class=\"rs-multi-image  reverse- blend_unset\" src=\"https:\/\/industrie.rstheme.com\/oil\/wp-content\/uploads\/2024\/01\/about-h3-shape1.png\" alt=\"image\"\/>\n                                                                        <\/div>   \n          \n    \t\t\t\t<\/div>\n\t\t\t\t<\/div>\n\t\t\r\n\t\t<div class=\"default no-position show_shadow rs-sticky-default elementor-element elementor-element-98090da e-flex e-con-boxed e-con e-child\" data-id=\"98090da\" data-element_type=\"container\" data-e-type=\"container\">\n\t\t\t\t\t<div class=\"e-con-inner\">\n\t\t\r\n\t\t<div class=\"default no-position show_shadow rs-sticky-default elementor-element elementor-element-63080c5 elementor-hidden-mobile e-con-full e-flex e-con e-child\" data-id=\"63080c5\" data-element_type=\"container\" data-e-type=\"container\">\n\t\t\r\n\t\t\t\t<div class=\"elementor-element elementor-element-3d52e78 elementor-widget-tablet__width-inherit elementor-hidden-mobile elementor-invisible elementor-widget elementor-widget-image\" data-id=\"3d52e78\" data-element_type=\"widget\" data-e-type=\"widget\" data-settings=\"{&quot;_animation&quot;:&quot;fadeInLeft&quot;}\" data-widget_type=\"image.default\">\n\t\t\t\t<div class=\"elementor-widget-container\">\n\t\t\t\t\t\t\t\t\t\t\t\t\t\t\t<img decoding=\"async\" src=\"https:\/\/industrie.rstheme.com\/oil\/wp-content\/uploads\/2024\/02\/about-h2-image1.png\" title=\"\" alt=\"\" loading=\"lazy\" \/>\t\t\t\t\t\t\t\t\t\t\t\t\t\t\t<\/div>\n\t\t\t\t<\/div>\n\t\t\r\n\t\t\t\t<div class=\"elementor-element elementor-element-eff0e56 elementor-hidden-mobile elementor-absolute elementor-hidden-tablet elementor-invisible elementor-widget elementor-widget-rs-image\" data-id=\"eff0e56\" data-element_type=\"widget\" data-e-type=\"widget\" data-settings=\"{&quot;_position&quot;:&quot;absolute&quot;,&quot;_animation&quot;:&quot;fadeInUp&quot;}\" data-widget_type=\"rs-image.default\">\n\t\t\t\t<div class=\"elementor-widget-container\">\n\t\t\t\t\t\n        <div class=\"rs-image no ruler_image_no ruler_position_\">\n                                                            <img decoding=\"async\" class=\"rs-multi-image  reverse- blend_unset\" src=\"https:\/\/lgs.az\/wp-content\/uploads\/2024\/08\/partnership2.webp\" alt=\"image\"\/>\n                                                                        <\/div>   \n          \n    \t\t\t\t<\/div>\n\t\t\t\t<\/div>\n\t\t\t\t<\/div>\n\t\t\r\n\t\t<div class=\"default no-position show_shadow rs-sticky-default elementor-element elementor-element-db7bac1 e-flex e-con-boxed e-con e-child\" data-id=\"db7bac1\" data-element_type=\"container\" data-e-type=\"container\">\n\t\t\t\t\t<div class=\"e-con-inner\">\n\t\t\r\n\t\t\t\t<div class=\"elementor-element elementor-element-060dc06 elementor-widget elementor-widget-rs-heading\" data-id=\"060dc06\" data-element_type=\"widget\" data-e-type=\"widget\" data-widget_type=\"rs-heading.default\">\n\t\t\t\t<div class=\"elementor-widget-container\">\n\t\t\t\t\t\n\t\t<div class=\"prelements-heading style1\">\n\t\t\t<div class=\"title-inner\">\n\t\t\t\t\t\t\t\t\t<span class=\"sub-text\">\n\t\t\t\t\t\t<svg xmlns=\"http:\/\/www.w3.org\/2000\/svg\" width=\"17\" height=\"12\" viewbox=\"0 0 17 12\" fill=\"none\"><path d=\"M10.9091 8.57143L16.3636 12L0 12L5.45454 8.57143L10.9091 8.57143Z\" fill=\"#F7C600\"><\/path><path fill-rule=\"evenodd\" clip-rule=\"evenodd\" d=\"M10.9091 5.14286L16.3636 8.57143L10.9091 8.57143L8.18182 6.85714L5.45454 8.57143L-1.49868e-07 8.57143L5.45454 5.14286L10.9091 5.14286ZM10.9091 5.14286L8.18182 3.42857L5.45454 5.14286L-2.99735e-07 5.14286L8.18182 -3.57639e-07L16.3636 5.14286L10.9091 5.14286Z\" fill=\"#F7C600\"><\/path><\/svg>\t\t\t\t\t\tAbout us\t\t\t\t\t<\/span>\n\t\t\t\t<h2 class=\"title rs-split-text-enable split-in-fade\">Your reliable supplier<\/h2>\n\t\t\t<\/div>\n\t\t\t\t\t\t\t<div class=\"description\">\n\t\t\t\t\t<p>Effective supply chain management to minimize production times, timely delivery of industrial materials and industrial equipment to customers, and at the same time optimizing logistics.<\/p>\t\t\t\t<\/div>\n\t\t\t\t\t<\/div>\n\t\t\t\t<\/div>\n\t\t\t\t<\/div>\n\t\t\r\n\t\t\t\t<div class=\"elementor-element elementor-element-36cd9c8 elementor-widget elementor-widget-text-editor\" data-id=\"36cd9c8\" data-element_type=\"widget\" data-e-type=\"widget\" data-widget_type=\"text-editor.default\">\n\t\t\t\t<div class=\"elementor-widget-container\">\n\t\t\t\t\t\t\t\t\t<p>LGS offers a wide range of products to meet the different needs of enterprises in different industries. With us, you will save time and not have to work with different suppliers. You can easily entrust all your needs to us.<\/p>\t\t\t\t\t\t\t\t<\/div>\n\t\t\t\t<\/div>\n\t\t\r\n\t\t\t\t<div class=\"elementor-element elementor-element-db32371 elementor-icon-list--layout-traditional elementor-list-item-link-full_width elementor-widget elementor-widget-icon-list\" data-id=\"db32371\" data-element_type=\"widget\" data-e-type=\"widget\" data-widget_type=\"icon-list.default\">\n\t\t\t\t<div class=\"elementor-widget-container\">\n\t\t\t\t\t\t\t<ul class=\"elementor-icon-list-items\">\n\t\t\t\t\t\t\t<li class=\"elementor-icon-list-item\">\n\t\t\t\t\t\t\t\t\t\t\t<span class=\"elementor-icon-list-icon\">\n\t\t\t\t\t\t\t\t\t\t\t\t\t<\/span>\n\t\t\t\t\t\t\t\t\t\t<span class=\"elementor-icon-list-text\">Quality Control System, 100% Guarantee<\/span>\n\t\t\t\t\t\t\t\t\t<\/li>\n\t\t\t\t\t\t\t\t<li class=\"elementor-icon-list-item\">\n\t\t\t\t\t\t\t\t\t\t\t<span class=\"elementor-icon-list-icon\">\n\t\t\t\t\t\t\t\t\t\t\t\t\t<\/span>\n\t\t\t\t\t\t\t\t\t\t<span class=\"elementor-icon-list-text\">We always build high-quality industrial buildings<\/span>\n\t\t\t\t\t\t\t\t\t<\/li>\n\t\t\t\t\t\t\t\t<li class=\"elementor-icon-list-item\">\n\t\t\t\t\t\t\t\t\t\t\t<span class=\"elementor-icon-list-icon\">\n\t\t\t\t\t\t\t\t\t\t\t\t\t<\/span>\n\t\t\t\t\t\t\t\t\t\t<span class=\"elementor-icon-list-text\">Special industry professional team<\/span>\n\t\t\t\t\t\t\t\t\t<\/li>\n\t\t\t\t\t\t<\/ul>\n\t\t\t\t\t\t<\/div>\n\t\t\t\t<\/div>\n\t\t\r\n\t\t\t\t<div class=\"elementor-element elementor-element-68889ba elementor-widget__width-initial elementor-widget elementor-widget-rs-progress\" data-id=\"68889ba\" data-element_type=\"widget\" data-e-type=\"widget\" data-widget_type=\"rs-progress.default\">\n\t\t\t\t<div class=\"elementor-widget-container\">\n\t\t\t\t\t\n\t\t<div class=\"rs-skill-bar basic  style1\"> \n            <div class=\"skillbar\" data-percent=\"95\"> \n                <span class=\"skillbar-title\">Software quality management system<\/span>\n\n                <p class=\"skillbar-bar\">\n                    \n\n                <\/p>\n                \t                \t\t                <span class=\"skill-bar-percent\"><\/span> \n\t\t            \t             \n            <\/div>\n        <\/div>\n\n        <script type=\"text\/javascript\">\t\t\t\n\t\t\tjQuery(document).ready(function(){\n\t\t\t\tjQuery('.skillbar').skillBars({  \n\t\t            from: 0,    \n\t\t            speed: 4000,    \n\t\t            interval: 100,  \n\t\t            decimals: 0,    \n\t\t        });\n\t\t\t});\n\t\t<\/script>\n\n\t\t\t\t\t\t<\/div>\n\t\t\t\t<\/div>\n\t\t\t\t\t<\/div>\n\t\t\t\t<\/div>\n\t\t\t\t\t<\/div>\n\t\t\t\t<\/div>\n\t\t\t\t<\/div>\n\t\t\t\t\t<\/div>\n\t\t\t\t<\/div>\n\t\t\r\n\t\t<div class=\"default no-position show_shadow rs-sticky-default elementor-element elementor-element-b6254ba e-flex e-con-boxed e-con e-parent\" data-id=\"b6254ba\" data-element_type=\"container\" data-e-type=\"container\">\n\t\t\t\t\t<div class=\"e-con-inner\">\n\t\t\r\n\t\t\t\t<div class=\"elementor-element elementor-element-f763c52 elementor-widget elementor-widget-rs-heading\" data-id=\"f763c52\" data-element_type=\"widget\" data-e-type=\"widget\" data-widget_type=\"rs-heading.default\">\n\t\t\t\t<div class=\"elementor-widget-container\">\n\t\t\t\t\t\n\t\t<div class=\"prelements-heading style1\">\n\t\t\t<div class=\"title-inner\">\n\t\t\t\t\t\t\t\t\t<span class=\"sub-text\">\n\t\t\t\t\t\t<svg xmlns=\"http:\/\/www.w3.org\/2000\/svg\" width=\"17\" height=\"12\" viewbox=\"0 0 17 12\" fill=\"none\"><path d=\"M10.9091 8.57143L16.3636 12L0 12L5.45454 8.57143L10.9091 8.57143Z\" fill=\"#F7C600\"><\/path><path fill-rule=\"evenodd\" clip-rule=\"evenodd\" d=\"M10.9091 5.14286L16.3636 8.57143L10.9091 8.57143L8.18182 6.85714L5.45454 8.57143L-1.49868e-07 8.57143L5.45454 5.14286L10.9091 5.14286ZM10.9091 5.14286L8.18182 3.42857L5.45454 5.14286L-2.99735e-07 5.14286L8.18182 -3.57639e-07L16.3636 5.14286L10.9091 5.14286Z\" fill=\"#F7C600\"><\/path><\/svg>\t\t\t\t\t\tCustomers\t\t\t\t\t<\/span>\n\t\t\t\t\n\t\t\t<\/div>\n\t\t\t\t\t<\/div>\n\t\t\t\t<\/div>\n\t\t\t\t<\/div>\n\t\t\r\n\t\t\t\t<div class=\"elementor-element elementor-element-610d170 elementor-widget elementor-widget-image-carousel\" data-id=\"610d170\" data-element_type=\"widget\" data-e-type=\"widget\" data-settings=\"{&quot;slides_to_show&quot;:&quot;5&quot;,&quot;navigation&quot;:&quot;none&quot;,&quot;image_spacing_custom&quot;:{&quot;unit&quot;:&quot;px&quot;,&quot;size&quot;:69,&quot;sizes&quot;:[]},&quot;autoplay&quot;:&quot;yes&quot;,&quot;pause_on_hover&quot;:&quot;yes&quot;,&quot;pause_on_interaction&quot;:&quot;yes&quot;,&quot;autoplay_speed&quot;:5000,&quot;infinite&quot;:&quot;yes&quot;,&quot;speed&quot;:500,&quot;image_spacing_custom_tablet&quot;:{&quot;unit&quot;:&quot;px&quot;,&quot;size&quot;:&quot;&quot;,&quot;sizes&quot;:[]},&quot;image_spacing_custom_mobile&quot;:{&quot;unit&quot;:&quot;px&quot;,&quot;size&quot;:&quot;&quot;,&quot;sizes&quot;:[]}}\" data-widget_type=\"image-carousel.default\">\n\t\t\t\t<div class=\"elementor-widget-container\">\n\t\t\t\t\t\t\t<div class=\"elementor-image-carousel-wrapper swiper\" role=\"region\" aria-roledescription=\"carousel\" aria-label=\"Image Carousel\" dir=\"ltr\">\n\t\t\t<div class=\"elementor-image-carousel swiper-wrapper\" aria-live=\"off\">\n\t\t\t\t\t\t\t\t<div class=\"swiper-slide\" role=\"group\" aria-roledescription=\"slide\" aria-label=\"1 of 8\"><figure class=\"swiper-slide-inner\"><img decoding=\"async\" class=\"swiper-slide-image\" src=\"https:\/\/lgs.az\/wp-content\/uploads\/2024\/08\/838814083839161205-2.png\" alt=\"838814083839161205\" \/><\/figure><\/div><div class=\"swiper-slide\" role=\"group\" aria-roledescription=\"slide\" aria-label=\"2 of 8\"><figure class=\"swiper-slide-inner\"><img decoding=\"async\" class=\"swiper-slide-image\" src=\"https:\/\/lgs.az\/wp-content\/uploads\/2024\/08\/936732200025686509-2.png\" alt=\"936732200025686509\" \/><\/figure><\/div><div class=\"swiper-slide\" role=\"group\" aria-roledescription=\"slide\" aria-label=\"3 of 8\"><figure class=\"swiper-slide-inner\"><img decoding=\"async\" class=\"swiper-slide-image\" src=\"https:\/\/lgs.az\/wp-content\/uploads\/2024\/08\/1426296807894775134-2.png\" alt=\"1426296807894775134\" \/><\/figure><\/div><div class=\"swiper-slide\" role=\"group\" aria-roledescription=\"slide\" aria-label=\"4 of 8\"><figure class=\"swiper-slide-inner\"><img decoding=\"async\" class=\"swiper-slide-image\" src=\"https:\/\/lgs.az\/wp-content\/uploads\/2024\/08\/1451170232029385736-2.png\" alt=\"1451170232029385736\" \/><\/figure><\/div><div class=\"swiper-slide\" role=\"group\" aria-roledescription=\"slide\" aria-label=\"5 of 8\"><figure class=\"swiper-slide-inner\"><img decoding=\"async\" class=\"swiper-slide-image\" src=\"https:\/\/lgs.az\/wp-content\/uploads\/2024\/08\/4501842550444090796-2.png\" alt=\"4501842550444090796\" \/><\/figure><\/div><div class=\"swiper-slide\" role=\"group\" aria-roledescription=\"slide\" aria-label=\"6 of 8\"><figure class=\"swiper-slide-inner\"><img decoding=\"async\" class=\"swiper-slide-image\" src=\"https:\/\/lgs.az\/wp-content\/uploads\/2024\/08\/5392886389060149031-2.png\" alt=\"5392886389060149031\" \/><\/figure><\/div><div class=\"swiper-slide\" role=\"group\" aria-roledescription=\"slide\" aria-label=\"7 of 8\"><figure class=\"swiper-slide-inner\"><img decoding=\"async\" class=\"swiper-slide-image\" src=\"https:\/\/lgs.az\/wp-content\/uploads\/2024\/08\/7295592152104593375-2.png\" alt=\"7295592152104593375\" \/><\/figure><\/div><div class=\"swiper-slide\" role=\"group\" aria-roledescription=\"slide\" aria-label=\"8 of 8\"><figure class=\"swiper-slide-inner\"><img decoding=\"async\" class=\"swiper-slide-image\" src=\"https:\/\/lgs.az\/wp-content\/uploads\/2024\/08\/8022172377799888097-2.png\" alt=\"8022172377799888097\" \/><\/figure><\/div>\t\t\t<\/div>\n\t\t\t\t\t\t\t\n\t\t\t\t\t\t\t\t\t<\/div>\n\t\t\t\t\t\t<\/div>\n\t\t\t\t<\/div>\n\t\t\t\t\t<\/div>\n\t\t\t\t<\/div>\n\t\t\t\t<\/div>","protected":false},"excerpt":{"rendered":"<p>Haqq\u0131m\u0131zda Sizin etibarl\u0131 t\u0259chizat\u00e7\u0131n\u0131z T\u0259chizat z\u0259ncirinin effektiv idar\u0259 edilm\u0259si istehsal m\u00fcdd\u0259tl\u0259rini minimuma endirm\u0259k, s\u0259naye materiallar\u0131n\u0131n v\u0259 s\u0259naye avadanl\u0131qlar\u0131n\u0131n m\u00fc\u015ft\u0259ril\u0259r\u0259 vaxt\u0131nda \u00e7atd\u0131r\u0131lmas\u0131 \u00fc\u00e7\u00fcn, eyni zamanda logistikan\u0131 optimalla\u015fd\u0131rmaq \u00fc\u00e7\u00fcn qar\u015f\u0131n\u0131zday\u0131q. LGS f\u0259rqli s\u0259naye sah\u0259l\u0259ri \u00fczr\u0259,m\u00fc\u0259ssis\u0259l\u0259rin m\u00fcxt\u0259lif ehtiyaclar\u0131n\u0131 \u00f6d\u0259m\u0259k \u00fc\u00e7\u00fcn geni\u015f \u00e7e\u015fidli m\u0259hsullar t\u0259klif edir.Biziml\u0259 vaxt\u0131n\u0131za q\u0259na\u0259t ed\u0259c\u0259k v\u0259 m\u00fcxt\u0259lif t\u0259chizat\u00e7\u0131larla i\u015fl\u0259m\u0259y\u0259 m\u0259cbur qalmayacaqs\u0131n\u0131z.B\u00fct\u00fcn ehtiyaclar\u0131n\u0131z\u0131 biz\u0259 rahatl\u0131qla h\u0259val\u0259&#8230;<\/p>","protected":false},"author":1,"featured_media":0,"parent":0,"menu_order":0,"comment_status":"closed","ping_status":"closed","template":"elementor_header_footer","meta":{"footnotes":""},"class_list":["post-3741","page","type-page","status-publish","hentry"],"yoast_head":"<!-- This site is optimized with the Yoast SEO plugin v27.3 - https:\/\/yoast.com\/product\/yoast-seo-wordpress\/ -->\n<title>Haqq\u0131m\u0131zda - Leads Group Supply<\/title>\n<meta name=\"robots\" content=\"index, follow, max-snippet:-1, max-image-preview:large, max-video-preview:-1\" \/>\n<link rel=\"canonical\" href=\"https:\/\/lgs.az\/en\/about-us\/\" \/>\n<meta property=\"og:locale\" content=\"en_GB\" \/>\n<meta property=\"og:type\" content=\"article\" \/>\n<meta property=\"og:title\" content=\"Haqq\u0131m\u0131zda - Leads Group Supply\" \/>\n<meta property=\"og:description\" content=\"Haqq\u0131m\u0131zda Sizin etibarl\u0131 t\u0259chizat\u00e7\u0131n\u0131z T\u0259chizat z\u0259ncirinin effektiv idar\u0259 edilm\u0259si istehsal m\u00fcdd\u0259tl\u0259rini minimuma endirm\u0259k, s\u0259naye materiallar\u0131n\u0131n v\u0259 s\u0259naye avadanl\u0131qlar\u0131n\u0131n m\u00fc\u015ft\u0259ril\u0259r\u0259 vaxt\u0131nda \u00e7atd\u0131r\u0131lmas\u0131 \u00fc\u00e7\u00fcn, eyni zamanda logistikan\u0131 optimalla\u015fd\u0131rmaq \u00fc\u00e7\u00fcn qar\u015f\u0131n\u0131zday\u0131q. LGS f\u0259rqli s\u0259naye sah\u0259l\u0259ri \u00fczr\u0259,m\u00fc\u0259ssis\u0259l\u0259rin m\u00fcxt\u0259lif ehtiyaclar\u0131n\u0131 \u00f6d\u0259m\u0259k \u00fc\u00e7\u00fcn geni\u015f \u00e7e\u015fidli m\u0259hsullar t\u0259klif edir.Biziml\u0259 vaxt\u0131n\u0131za q\u0259na\u0259t ed\u0259c\u0259k v\u0259 m\u00fcxt\u0259lif t\u0259chizat\u00e7\u0131larla i\u015fl\u0259m\u0259y\u0259 m\u0259cbur qalmayacaqs\u0131n\u0131z.B\u00fct\u00fcn ehtiyaclar\u0131n\u0131z\u0131 biz\u0259 rahatl\u0131qla h\u0259val\u0259...\" \/>\n<meta property=\"og:url\" content=\"https:\/\/lgs.az\/en\/about-us\/\" \/>\n<meta property=\"og:site_name\" content=\"Leads Group Supply\" \/>\n<meta property=\"article:publisher\" content=\"https:\/\/www.facebook.com\/checkpoint\/1501092823525282\/?next=httpswww.facebook.com\" \/>\n<meta property=\"article:modified_time\" content=\"2024-08-31T13:49:06+00:00\" \/>\n<meta property=\"og:image\" content=\"https:\/\/industrie.rstheme.com\/oil\/wp-content\/uploads\/2024\/01\/about-h3-shape2.png\" \/>\n<meta name=\"twitter:card\" content=\"summary_large_image\" \/>\n<meta name=\"twitter:label1\" content=\"Estimated reading time\" \/>\n\t<meta name=\"twitter:data1\" content=\"1 minute\" \/>\n<script type=\"application\/ld+json\" class=\"yoast-schema-graph\">{\"@context\":\"https:\\\/\\\/schema.org\",\"@graph\":[{\"@type\":\"WebPage\",\"@id\":\"https:\\\/\\\/lgs.az\\\/about-us\\\/\",\"url\":\"https:\\\/\\\/lgs.az\\\/about-us\\\/\",\"name\":\"Haqq\u0131m\u0131zda - Leads Group Supply\",\"isPartOf\":{\"@id\":\"https:\\\/\\\/lgs.az\\\/#website\"},\"primaryImageOfPage\":{\"@id\":\"https:\\\/\\\/lgs.az\\\/about-us\\\/#primaryimage\"},\"image\":{\"@id\":\"https:\\\/\\\/lgs.az\\\/about-us\\\/#primaryimage\"},\"thumbnailUrl\":\"https:\\\/\\\/industrie.rstheme.com\\\/oil\\\/wp-content\\\/uploads\\\/2024\\\/01\\\/about-h3-shape2.png\",\"datePublished\":\"2024-01-18T05:53:33+00:00\",\"dateModified\":\"2024-08-31T13:49:06+00:00\",\"breadcrumb\":{\"@id\":\"https:\\\/\\\/lgs.az\\\/about-us\\\/#breadcrumb\"},\"inLanguage\":\"en-GB\",\"potentialAction\":[{\"@type\":\"ReadAction\",\"target\":[\"https:\\\/\\\/lgs.az\\\/about-us\\\/\"]}]},{\"@type\":\"ImageObject\",\"inLanguage\":\"en-GB\",\"@id\":\"https:\\\/\\\/lgs.az\\\/about-us\\\/#primaryimage\",\"url\":\"https:\\\/\\\/industrie.rstheme.com\\\/oil\\\/wp-content\\\/uploads\\\/2024\\\/01\\\/about-h3-shape2.png\",\"contentUrl\":\"https:\\\/\\\/industrie.rstheme.com\\\/oil\\\/wp-content\\\/uploads\\\/2024\\\/01\\\/about-h3-shape2.png\"},{\"@type\":\"BreadcrumbList\",\"@id\":\"https:\\\/\\\/lgs.az\\\/about-us\\\/#breadcrumb\",\"itemListElement\":[{\"@type\":\"ListItem\",\"position\":1,\"name\":\"Home\",\"item\":\"https:\\\/\\\/lgs.az\\\/\"},{\"@type\":\"ListItem\",\"position\":2,\"name\":\"Haqq\u0131m\u0131zda\"}]},{\"@type\":\"WebSite\",\"@id\":\"https:\\\/\\\/lgs.az\\\/#website\",\"url\":\"https:\\\/\\\/lgs.az\\\/\",\"name\":\"Leads Group Supply\",\"description\":\"as close as light\",\"publisher\":{\"@id\":\"https:\\\/\\\/lgs.az\\\/#organization\"},\"potentialAction\":[{\"@type\":\"SearchAction\",\"target\":{\"@type\":\"EntryPoint\",\"urlTemplate\":\"https:\\\/\\\/lgs.az\\\/?s={search_term_string}\"},\"query-input\":{\"@type\":\"PropertyValueSpecification\",\"valueRequired\":true,\"valueName\":\"search_term_string\"}}],\"inLanguage\":\"en-GB\"},{\"@type\":\"Organization\",\"@id\":\"https:\\\/\\\/lgs.az\\\/#organization\",\"name\":\"Leads Group Supply\",\"url\":\"https:\\\/\\\/lgs.az\\\/\",\"logo\":{\"@type\":\"ImageObject\",\"inLanguage\":\"en-GB\",\"@id\":\"https:\\\/\\\/lgs.az\\\/#\\\/schema\\\/logo\\\/image\\\/\",\"url\":\"https:\\\/\\\/lgs.az\\\/wp-content\\\/uploads\\\/2024\\\/08\\\/logo-1.png\",\"contentUrl\":\"https:\\\/\\\/lgs.az\\\/wp-content\\\/uploads\\\/2024\\\/08\\\/logo-1.png\",\"width\":250,\"height\":120,\"caption\":\"Leads Group Supply\"},\"image\":{\"@id\":\"https:\\\/\\\/lgs.az\\\/#\\\/schema\\\/logo\\\/image\\\/\"},\"sameAs\":[\"https:\\\/\\\/www.facebook.com\\\/checkpoint\\\/1501092823525282\\\/?next=httpswww.facebook.com\",\"https:\\\/\\\/www.instagram.com\\\/lgs.az\\\/\"]}]}<\/script>\n<!-- \/ Yoast SEO plugin. -->","yoast_head_json":{"title":"Haqq\u0131m\u0131zda - Leads Group Supply","robots":{"index":"index","follow":"follow","max-snippet":"max-snippet:-1","max-image-preview":"max-image-preview:large","max-video-preview":"max-video-preview:-1"},"canonical":"https:\/\/lgs.az\/en\/about-us\/","og_locale":"en_GB","og_type":"article","og_title":"Haqq\u0131m\u0131zda - Leads Group Supply","og_description":"Haqq\u0131m\u0131zda Sizin etibarl\u0131 t\u0259chizat\u00e7\u0131n\u0131z T\u0259chizat z\u0259ncirinin effektiv idar\u0259 edilm\u0259si istehsal m\u00fcdd\u0259tl\u0259rini minimuma endirm\u0259k, s\u0259naye materiallar\u0131n\u0131n v\u0259 s\u0259naye avadanl\u0131qlar\u0131n\u0131n m\u00fc\u015ft\u0259ril\u0259r\u0259 vaxt\u0131nda \u00e7atd\u0131r\u0131lmas\u0131 \u00fc\u00e7\u00fcn, eyni zamanda logistikan\u0131 optimalla\u015fd\u0131rmaq \u00fc\u00e7\u00fcn qar\u015f\u0131n\u0131zday\u0131q. LGS f\u0259rqli s\u0259naye sah\u0259l\u0259ri \u00fczr\u0259,m\u00fc\u0259ssis\u0259l\u0259rin m\u00fcxt\u0259lif ehtiyaclar\u0131n\u0131 \u00f6d\u0259m\u0259k \u00fc\u00e7\u00fcn geni\u015f \u00e7e\u015fidli m\u0259hsullar t\u0259klif edir.Biziml\u0259 vaxt\u0131n\u0131za q\u0259na\u0259t ed\u0259c\u0259k v\u0259 m\u00fcxt\u0259lif t\u0259chizat\u00e7\u0131larla i\u015fl\u0259m\u0259y\u0259 m\u0259cbur qalmayacaqs\u0131n\u0131z.B\u00fct\u00fcn ehtiyaclar\u0131n\u0131z\u0131 biz\u0259 rahatl\u0131qla h\u0259val\u0259...","og_url":"https:\/\/lgs.az\/en\/about-us\/","og_site_name":"Leads Group Supply","article_publisher":"https:\/\/www.facebook.com\/checkpoint\/1501092823525282\/?next=httpswww.facebook.com","article_modified_time":"2024-08-31T13:49:06+00:00","og_image":[{"url":"https:\/\/industrie.rstheme.com\/oil\/wp-content\/uploads\/2024\/01\/about-h3-shape2.png","type":"","width":"","height":""}],"twitter_card":"summary_large_image","twitter_misc":{"Estimated reading time":"1 minute"},"schema":{"@context":"https:\/\/schema.org","@graph":[{"@type":"WebPage","@id":"https:\/\/lgs.az\/about-us\/","url":"https:\/\/lgs.az\/about-us\/","name":"Haqq\u0131m\u0131zda - Leads Group Supply","isPartOf":{"@id":"https:\/\/lgs.az\/#website"},"primaryImageOfPage":{"@id":"https:\/\/lgs.az\/about-us\/#primaryimage"},"image":{"@id":"https:\/\/lgs.az\/about-us\/#primaryimage"},"thumbnailUrl":"https:\/\/industrie.rstheme.com\/oil\/wp-content\/uploads\/2024\/01\/about-h3-shape2.png","datePublished":"2024-01-18T05:53:33+00:00","dateModified":"2024-08-31T13:49:06+00:00","breadcrumb":{"@id":"https:\/\/lgs.az\/about-us\/#breadcrumb"},"inLanguage":"en-GB","potentialAction":[{"@type":"ReadAction","target":["https:\/\/lgs.az\/about-us\/"]}]},{"@type":"ImageObject","inLanguage":"en-GB","@id":"https:\/\/lgs.az\/about-us\/#primaryimage","url":"https:\/\/industrie.rstheme.com\/oil\/wp-content\/uploads\/2024\/01\/about-h3-shape2.png","contentUrl":"https:\/\/industrie.rstheme.com\/oil\/wp-content\/uploads\/2024\/01\/about-h3-shape2.png"},{"@type":"BreadcrumbList","@id":"https:\/\/lgs.az\/about-us\/#breadcrumb","itemListElement":[{"@type":"ListItem","position":1,"name":"Home","item":"https:\/\/lgs.az\/"},{"@type":"ListItem","position":2,"name":"Haqq\u0131m\u0131zda"}]},{"@type":"WebSite","@id":"https:\/\/lgs.az\/#website","url":"https:\/\/lgs.az\/","name":"Leads Group Supply","description":"as close as light","publisher":{"@id":"https:\/\/lgs.az\/#organization"},"potentialAction":[{"@type":"SearchAction","target":{"@type":"EntryPoint","urlTemplate":"https:\/\/lgs.az\/?s={search_term_string}"},"query-input":{"@type":"PropertyValueSpecification","valueRequired":true,"valueName":"search_term_string"}}],"inLanguage":"en-GB"},{"@type":"Organization","@id":"https:\/\/lgs.az\/#organization","name":"Leads Group Supply","url":"https:\/\/lgs.az\/","logo":{"@type":"ImageObject","inLanguage":"en-GB","@id":"https:\/\/lgs.az\/#\/schema\/logo\/image\/","url":"https:\/\/lgs.az\/wp-content\/uploads\/2024\/08\/logo-1.png","contentUrl":"https:\/\/lgs.az\/wp-content\/uploads\/2024\/08\/logo-1.png","width":250,"height":120,"caption":"Leads Group Supply"},"image":{"@id":"https:\/\/lgs.az\/#\/schema\/logo\/image\/"},"sameAs":["https:\/\/www.facebook.com\/checkpoint\/1501092823525282\/?next=httpswww.facebook.com","https:\/\/www.instagram.com\/lgs.az\/"]}]}},"_links":{"self":[{"href":"https:\/\/lgs.az\/en\/wp-json\/wp\/v2\/pages\/3741","targetHints":{"allow":["GET"]}}],"collection":[{"href":"https:\/\/lgs.az\/en\/wp-json\/wp\/v2\/pages"}],"about":[{"href":"https:\/\/lgs.az\/en\/wp-json\/wp\/v2\/types\/page"}],"author":[{"embeddable":true,"href":"https:\/\/lgs.az\/en\/wp-json\/wp\/v2\/users\/1"}],"replies":[{"embeddable":true,"href":"https:\/\/lgs.az\/en\/wp-json\/wp\/v2\/comments?post=3741"}],"version-history":[{"count":0,"href":"https:\/\/lgs.az\/en\/wp-json\/wp\/v2\/pages\/3741\/revisions"}],"wp:attachment":[{"href":"https:\/\/lgs.az\/en\/wp-json\/wp\/v2\/media?parent=3741"}],"curies":[{"name":"wp","href":"https:\/\/api.w.org\/{rel}","templated":true}]}}