{"id":26,"date":"2024-01-03T11:06:22","date_gmt":"2024-01-03T11:06:22","guid":{"rendered":"http:\/\/192.168.0.130:10046\/?page_id=26"},"modified":"2024-09-10T13:12:28","modified_gmt":"2024-09-10T13:12:28","slug":"services","status":"publish","type":"page","link":"https:\/\/lgs.az\/ru\/services\/","title":{"rendered":"\u0423\u0441\u043b\u0443\u0433\u0438"},"content":{"rendered":"<div data-elementor-type=\"wp-page\" data-elementor-id=\"26\" class=\"elementor elementor-26\" data-elementor-post-type=\"page\">\n\t\t\t\t\r\n\t\t<div class=\"default no-position show_shadow rs-sticky-default elementor-element elementor-element-e8256c4 e-flex e-con-boxed e-con e-parent\" data-id=\"e8256c4\" data-element_type=\"container\" data-e-type=\"container\" data-settings=\"{&quot;background_background&quot;:&quot;classic&quot;}\">\n\t\t\t\t\t<div class=\"e-con-inner\">\n\t\t\r\n\t\t\t\t<div class=\"elementor-element elementor-element-8137c44 elementor-widget elementor-widget-rs-service-slider\" data-id=\"8137c44\" data-element_type=\"widget\" data-e-type=\"widget\" data-widget_type=\"rs-service-slider.default\">\n\t\t\t\t<div class=\"elementor-widget-container\">\n\t\t\t\t\t        \r\n                <div class=\"rsaddon-unique-slider rs-unique-grid-services\">\r\n            <div class=\"rs-addon-slider rs-services-slider service-style-1 row\">\r\n        \r\n                <div class=\"grid-item col-lg-3 col-md-6\">\r\n    <div class=\"rs-service-slider\">\r\n                    <div class=\"service-img\">\r\n                <img decoding=\"async\" src=\"https:\/\/lgs.az\/wp-content\/uploads\/2024\/08\/3d-rendering-ventilation-system_23-2149281304.jpg\" title=\"3d-rendering-ventilation-system_23-2149281304\" alt=\"3d-rendering-ventilation-system_23-2149281304\" loading=\"lazy\" \/>            <\/div>\r\n        \r\n        <div class=\"service-title-holder btn_box\">\r\n            <div class=\"service-content-area\">\r\n                                                <div class=\"service-title no\">\r\n                    <h3 class=\"title\">\r\n                        <a href=\"https:\/\/lgs.az\/ru\/Services\/isiqlandirma-sisteml%c9%99ri\/\" >\r\n                             \u0421\u0438\u0441\u0442\u0435\u043c\u044b \u041e\u0441\u0432\u0435\u0449\u0435\u043d\u0438\u044f                         <\/a>\r\n                        <\/h3>\r\n                    <\/div>\r\n                            \r\n                                                <div class=\"service-desc\">\r\n                        \u0421\u0438\u0441\u0442\u0435\u043c\u044b \u043e\u0441\u0432\u0435\u0449\u0435\u043d\u0438\u044f \u0441\u043e\u0432\u0440\u0435\u043c\u0435\u043d\u043d\u044b\u0445 \u0441\u0442\u0440\u043e\u0438\u0442\u0435\u043b\u044c\u043d\u044b\u0445 \u0438 \u043f\u0440\u043e\u043c\u044b\u0448\u043b\u0435\u043d\u043d\u044b\u0445 \u043f\u0440\u043e\u0435\u043a\u0442\u043e\u0432, \u043d\u0435\u043e\u0442\u044a\u0435\u043c\u043b\u0435\u043c\u043e\u0439 \u0447\u0430\u0441\u0442\u044c\u044e.                     <\/div>\r\n                                                        <div class=\"numbering number-line\">\r\n                    <span>01<\/span>\r\n                <\/div>\r\n                        <!-- Button Style -->\r\n                        <!-- Button Style End -->\r\n            <\/div>\r\n        <\/div>\r\n    <\/div>\r\n<\/div>                    <div class=\"grid-item col-lg-3 col-md-6\">\r\n    <div class=\"rs-service-slider\">\r\n                    <div class=\"service-img\">\r\n                <img decoding=\"async\" src=\"https:\/\/lgs.az\/wp-content\/uploads\/2024\/08\/building-construction_1122-1168.jpg\" title=\"building-construction_1122-1168\" alt=\"building-construction_1122-1168\" loading=\"lazy\" \/>            <\/div>\r\n        \r\n        <div class=\"service-title-holder btn_box\">\r\n            <div class=\"service-content-area\">\r\n                                                <div class=\"service-title no\">\r\n                    <h3 class=\"title\">\r\n                        <a href=\"https:\/\/lgs.az\/ru\/Services\/tikinti-materiallari\/\" >\r\n                             \u0421\u0442\u0440\u043e\u0438\u0442\u0435\u043b\u044c\u043d\u044b\u0435 \u041c\u0430\u0442\u0435\u0440\u0438\u0430\u043b\u044b                         <\/a>\r\n                        <\/h3>\r\n                    <\/div>\r\n                            \r\n                                                <div class=\"service-desc\">\r\n                        \u0421\u0442\u0440\u043e\u0438\u0442\u0435\u043b\u044c\u043d\u044b\u0435 \u043c\u0430\u0442\u0435\u0440\u0438\u0430\u043b\u044b \u0441\u043e\u0432\u0440\u0435\u043c\u0435\u043d\u043d\u044b\u0445 \u0441\u0442\u0440\u043e\u0438\u0442\u0435\u043b\u044c\u0441\u0442\u0432\u043e\u043c \u0444\u0443\u043d\u0434\u0430\u043c\u0435\u043d\u0442 \u0441\u043e\u0441\u0442\u0430\u0432\u043b\u044f\u0435\u0442..                    <\/div>\r\n                                                        <div class=\"numbering number-line\">\r\n                    <span>02<\/span>\r\n                <\/div>\r\n                        <!-- Button Style -->\r\n                        <!-- Button Style End -->\r\n            <\/div>\r\n        <\/div>\r\n    <\/div>\r\n<\/div>                    <div class=\"grid-item col-lg-3 col-md-6\">\r\n    <div class=\"rs-service-slider\">\r\n                    <div class=\"service-img\">\r\n                <img decoding=\"async\" src=\"https:\/\/lgs.az\/wp-content\/uploads\/2024\/08\/wind-farms-fields_23-2149154417.jpg\" title=\"wind-\u0444\u0435\u0440\u043c\u044b-fields_23-2149154417\" alt=\"wind-farms-fields_23-2149154417\" loading=\"lazy\" \/>            <\/div>\r\n        \r\n        <div class=\"service-title-holder btn_box\">\r\n            <div class=\"service-content-area\">\r\n                                                <div class=\"service-title no\">\r\n                    <h3 class=\"title\">\r\n                        <a href=\"https:\/\/lgs.az\/ru\/Services\/alternativ-enerji-m%c9%99nb%c9%99l%c9%99ri\/\" >\r\n                             \u0410\u043b\u044c\u0442\u0435\u0440\u043d\u0430\u0442\u0438\u0432\u043d\u044b\u0435 \u0418\u0441\u0442\u043e\u0447\u043d\u0438\u043a\u0438 \u042d\u043d\u0435\u0440\u0433\u0438\u0438                         <\/a>\r\n                        <\/h3>\r\n                    <\/div>\r\n                            \r\n                                                <div class=\"service-desc\">\r\n                        \u0410\u043b\u044c\u0442\u0435\u0440\u043d\u0430\u0442\u0438\u0432\u043d\u044b\u0435 \u0438\u0441\u0442\u043e\u0447\u043d\u0438\u043a\u0438 \u044d\u043d\u0435\u0440\u0433\u0438\u0438, \u044d\u043d\u0435\u0440\u0433\u0438\u0438, \u0447\u0438\u0441\u0442\u043e\u0439 \u0438 \u0443\u0441\u0442\u043e\u0439\u0447\u0438\u0432\u043e\u0435 \u0438\u0441\u043f\u043e\u043b\u044c\u0437\u043e\u0432\u0430\u043d\u0438\u0435 \u043e\u0431\u0435\u0441\u043f\u0435\u0447\u0438\u0432\u0430\u0435\u0442.                     <\/div>\r\n                                                        <div class=\"numbering number-line\">\r\n                    <span>03<\/span>\r\n                <\/div>\r\n                        <!-- Button Style -->\r\n                        <!-- Button Style End -->\r\n            <\/div>\r\n        <\/div>\r\n    <\/div>\r\n<\/div>                    <div class=\"grid-item col-lg-3 col-md-6\">\r\n    <div class=\"rs-service-slider\">\r\n                    <div class=\"service-img\">\r\n                <img decoding=\"async\" src=\"https:\/\/lgs.az\/wp-content\/uploads\/2024\/08\/worker-blue-construction-helmet_140725-8093.jpg\" title=\"\u044d\u043a\u043e\u043d\u043e\u043c\u0438\u043a\u0430 \u0438 \u0441\u0442\u0440\u0430\u0445\u043e\u0432\u0430\u043d\u0438\u0435-blue-construction-helmet_140725-8093\" alt=\"worker-blue-construction-helmet_140725-8093\" loading=\"lazy\" \/>            <\/div>\r\n        \r\n        <div class=\"service-title-holder btn_box\">\r\n            <div class=\"service-content-area\">\r\n                                                <div class=\"service-title no\">\r\n                    <h3 class=\"title\">\r\n                        <a href=\"https:\/\/lgs.az\/ru\/Services\/s%c9%99naye-materiallari-v%c9%99-avadanliqlari\/\" >\r\n                             \u041f\u0440\u043e\u043c\u044b\u0448\u043b\u0435\u043d\u043d\u044b\u0435 \u041c\u0430\u0442\u0435\u0440\u0438\u0430\u043b\u044b \u0438 \u041e\u0431\u043e\u0440\u0443\u0434\u043e\u0432\u0430\u043d\u0438\u0435                        <\/a>\r\n                        <\/h3>\r\n                    <\/div>\r\n                            \r\n                                                <div class=\"service-desc\">\r\n                        \u041a\u0430\u0447\u0435\u0441\u0442\u0432\u0435\u043d\u043d\u044b\u0435 \u043c\u0430\u0442\u0435\u0440\u0438\u0430\u043b\u044b \u0438 \u0441\u043e\u0432\u0440\u0435\u043c\u0435\u043d\u043d\u043e\u0435 \u043e\u0431\u043e\u0440\u0443\u0434\u043e\u0432\u0430\u043d\u0438\u0435 \u043f\u0440\u043e\u0438\u0437\u0432\u043e\u0434\u0441\u0442\u0432\u0435\u043d\u043d\u044b\u0445 \u043f\u0440\u043e\u0446\u0435\u0441\u0441\u043e\u0432, \u043e\u043f\u0442\u0438\u043c\u0438\u0437\u0430\u0446\u0438\u044f \u0438 \u043f\u043e\u0432\u044b\u0448\u0435\u043d\u0438\u0435 \u043f\u0440\u043e\u0438\u0437\u0432\u043e\u0434\u0438\u0442\u0435\u043b\u044c\u043d\u043e\u0441\u0442\u0438 \u043f\u043e\u043c\u043e\u0433\u0430\u0435\u0442.                    <\/div>\r\n                                                        <div class=\"numbering number-line\">\r\n                    <span>04<\/span>\r\n                <\/div>\r\n                        <!-- Button Style -->\r\n                        <!-- Button Style End -->\r\n            <\/div>\r\n        <\/div>\r\n    <\/div>\r\n<\/div>                            <\/div>\r\n                    <\/div>\r\n        \t\t\t\t<\/div>\n\t\t\t\t<\/div>\n\t\t\t\t\t<\/div>\n\t\t\t\t<\/div>\n\t\t\r\n\t\t<div class=\"default no-position show_shadow rs-sticky-default elementor-element elementor-element-0d47e50 e-flex e-con-boxed e-con e-parent\" data-id=\"0d47e50\" data-element_type=\"container\" data-e-type=\"container\" data-settings=\"{&quot;background_background&quot;:&quot;classic&quot;}\">\n\t\t\t\t\t<div class=\"e-con-inner\">\n\t\t\r\n\t\t\t\t<div class=\"elementor-element elementor-element-f419589 elementor-widget__width-initial elementor-widget-mobile__width-inherit elementor-widget elementor-widget-rs-heading\" data-id=\"f419589\" data-element_type=\"widget\" data-e-type=\"widget\" data-widget_type=\"rs-heading.default\">\n\t\t\t\t<div class=\"elementor-widget-container\">\n\t\t\t\t\t\n\t\t<div class=\"prelements-heading style1\">\n\t\t\t<div class=\"title-inner\">\n\t\t\t\t\t\t\t\t\t<span class=\"sub-text\">\n\t\t\t\t\t\t<svg xmlns=\"http:\/\/www.w3.org\/2000\/svg\" width=\"17\" height=\"12\" viewbox=\"0 0 17 12\" fill=\"none\"><path d=\"M10.9091 8.57143L16.3636 12L0 12L5.45454 8.57143L10.9091 8.57143Z\" fill=\"#F7C600\"><\/path><path fill-rule=\"evenodd\" clip-rule=\"evenodd\" d=\"M10.9091 5.14286L16.3636 8.57143L10.9091 8.57143L8.18182 6.85714L5.45454 8.57143L-1.49868e-07 8.57143L5.45454 5.14286L10.9091 5.14286ZM10.9091 5.14286L8.18182 3.42857L5.45454 5.14286L-2.99735e-07 5.14286L8.18182 -3.57639e-07L16.3636 5.14286L10.9091 5.14286Z\" fill=\"#F7C600\"><\/path><\/svg>\t\t\t\t\t\t\u041f\u0430\u0440\u0442\u043d\u0435\u0440\u044b\t\t\t\t\t<\/span>\n\t\t\t\t\n\t\t\t<\/div>\n\t\t\t\t\t<\/div>\n\t\t\t\t<\/div>\n\t\t\t\t<\/div>\n\t\t\r\n\t\t\t\t<div class=\"elementor-element elementor-element-b1d3a3d elementor-widget elementor-widget-image-carousel\" data-id=\"b1d3a3d\" data-element_type=\"widget\" data-e-type=\"widget\" data-settings=\"{&quot;slides_to_show&quot;:&quot;5&quot;,&quot;navigation&quot;:&quot;none&quot;,&quot;image_spacing_custom&quot;:{&quot;unit&quot;:&quot;px&quot;,&quot;size&quot;:69,&quot;sizes&quot;:[]},&quot;autoplay&quot;:&quot;yes&quot;,&quot;pause_on_hover&quot;:&quot;yes&quot;,&quot;pause_on_interaction&quot;:&quot;yes&quot;,&quot;autoplay_speed&quot;:5000,&quot;infinite&quot;:&quot;yes&quot;,&quot;speed&quot;:500,&quot;image_spacing_custom_tablet&quot;:{&quot;unit&quot;:&quot;px&quot;,&quot;size&quot;:&quot;&quot;,&quot;sizes&quot;:[]},&quot;image_spacing_custom_mobile&quot;:{&quot;unit&quot;:&quot;px&quot;,&quot;size&quot;:&quot;&quot;,&quot;sizes&quot;:[]}}\" data-widget_type=\"image-carousel.default\">\n\t\t\t\t<div class=\"elementor-widget-container\">\n\t\t\t\t\t\t\t<div class=\"elementor-image-carousel-wrapper swiper\" role=\"region\" aria-roledescription=\"carousel\" aria-label=\"\u041a\u0430\u0440\u0443\u0441\u0435\u043b\u044c\" dir=\"ltr\">\n\t\t\t<div class=\"elementor-image-carousel swiper-wrapper\" aria-live=\"off\">\n\t\t\t\t\t\t\t\t<div class=\"swiper-slide\" role=\"group\" aria-roledescription=\"slide\" aria-label=\"1 \u0438\u0437 6\"><figure class=\"swiper-slide-inner\"><img decoding=\"async\" class=\"swiper-slide-image\" src=\"https:\/\/lgs.az\/wp-content\/uploads\/2024\/08\/8338136362434210571-1.png\" alt=\"8338136362434210571\" \/><\/figure><\/div><div class=\"swiper-slide\" role=\"group\" aria-roledescription=\"slide\" aria-label=\"2 \u0438\u0437 6\"><figure class=\"swiper-slide-inner\"><img decoding=\"async\" class=\"swiper-slide-image\" src=\"https:\/\/lgs.az\/wp-content\/uploads\/2024\/08\/5274810300954472526-1.png\" alt=\"5274810300954472526\" \/><\/figure><\/div><div class=\"swiper-slide\" role=\"group\" aria-roledescription=\"slide\" aria-label=\"3 \u0438\u0437 6\"><figure class=\"swiper-slide-inner\"><img decoding=\"async\" class=\"swiper-slide-image\" src=\"https:\/\/lgs.az\/wp-content\/uploads\/2024\/08\/4132143196285443593-1.png\" alt=\"4132143196285443593\" \/><\/figure><\/div><div class=\"swiper-slide\" role=\"group\" aria-roledescription=\"slide\" aria-label=\"4 \u0438\u0437 6\"><figure class=\"swiper-slide-inner\"><img decoding=\"async\" class=\"swiper-slide-image\" src=\"https:\/\/lgs.az\/wp-content\/uploads\/2024\/08\/7011576131024580015-1.png\" alt=\"7011576131024580015\" \/><\/figure><\/div><div class=\"swiper-slide\" role=\"group\" aria-roledescription=\"slide\" aria-label=\"5 \u0438\u0437 6\"><figure class=\"swiper-slide-inner\"><img decoding=\"async\" class=\"swiper-slide-image\" src=\"https:\/\/lgs.az\/wp-content\/uploads\/2024\/08\/7104770910439147033-1.png\" alt=\"7104770910439147033\" \/><\/figure><\/div><div class=\"swiper-slide\" role=\"group\" aria-roledescription=\"slide\" aria-label=\"6 \u0438\u0437 6\"><figure class=\"swiper-slide-inner\"><img decoding=\"async\" class=\"swiper-slide-image\" src=\"https:\/\/lgs.az\/wp-content\/uploads\/2024\/08\/7431997105917188300-1.png\" alt=\"7431997105917188300\" \/><\/figure><\/div>\t\t\t<\/div>\n\t\t\t\t\t\t\t\n\t\t\t\t\t\t\t\t\t<\/div>\n\t\t\t\t\t\t<\/div>\n\t\t\t\t<\/div>\n\t\t\t\t\t<\/div>\n\t\t\t\t<\/div>\n\t\t\t\t<\/div>","protected":false},"excerpt":{"rendered":"<p>\u0130\u015f\u0131qland\u0131rma Sisteml\u0259ri \u0130\u015f\u0131qland\u0131rma sisteml\u0259ri m\u00fcasir tikinti v\u0259 s\u0259naye layih\u0259l\u0259rinin ayr\u0131lmaz hiss\u0259sidir. 01 Tikinti Materiallar\u0131 Tikinti materiallar\u0131 m\u00fcasir in\u015faat\u0131n t\u0259m\u0259l da\u015flar\u0131n\u0131 t\u0259\u015fkil edir.. 02 Alternativ Enerji M\u0259nb\u0259l\u0259ri Alternativ enerji m\u0259nb\u0259l\u0259ri enerjinin t\u0259miz v\u0259 davaml\u0131 istifad\u0259sini t\u0259min edir. 03 S\u0259naye Materiallar\u0131 v\u0259 Avadanl\u0131qlar\u0131 Keyfiyy\u0259tli materiallar v\u0259 m\u00fcasir avadanl\u0131qlar, istehsal prosesl\u0259rinin optimalla\u015fd\u0131r\u0131lmas\u0131na v\u0259 m\u0259hsuldarl\u0131\u011f\u0131n art\u0131r\u0131lmas\u0131na k\u00f6m\u0259k edir. 04&#8230;<\/p>","protected":false},"author":1,"featured_media":0,"parent":0,"menu_order":0,"comment_status":"closed","ping_status":"open","template":"elementor_header_footer","meta":{"footnotes":""},"class_list":["post-26","page","type-page","status-publish","hentry"],"yoast_head":"<!-- This site is optimized with the Yoast SEO plugin v27.4 - https:\/\/yoast.com\/product\/yoast-seo-wordpress\/ -->\n<title>Xidm\u0259tl\u0259r - Leads Group Supply<\/title>\n<meta name=\"robots\" content=\"index, follow, max-snippet:-1, max-image-preview:large, max-video-preview:-1\" \/>\n<link rel=\"canonical\" href=\"https:\/\/lgs.az\/ru\/services\/\" \/>\n<meta property=\"og:locale\" content=\"ru_RU\" \/>\n<meta property=\"og:type\" content=\"article\" \/>\n<meta property=\"og:title\" content=\"Xidm\u0259tl\u0259r - Leads Group Supply\" \/>\n<meta property=\"og:description\" content=\"\u0130\u015f\u0131qland\u0131rma Sisteml\u0259ri \u0130\u015f\u0131qland\u0131rma sisteml\u0259ri m\u00fcasir tikinti v\u0259 s\u0259naye layih\u0259l\u0259rinin ayr\u0131lmaz hiss\u0259sidir. 01 Tikinti Materiallar\u0131 Tikinti materiallar\u0131 m\u00fcasir in\u015faat\u0131n t\u0259m\u0259l da\u015flar\u0131n\u0131 t\u0259\u015fkil edir.. 02 Alternativ Enerji M\u0259nb\u0259l\u0259ri Alternativ enerji m\u0259nb\u0259l\u0259ri enerjinin t\u0259miz v\u0259 davaml\u0131 istifad\u0259sini t\u0259min edir. 03 S\u0259naye Materiallar\u0131 v\u0259 Avadanl\u0131qlar\u0131 Keyfiyy\u0259tli materiallar v\u0259 m\u00fcasir avadanl\u0131qlar, istehsal prosesl\u0259rinin optimalla\u015fd\u0131r\u0131lmas\u0131na v\u0259 m\u0259hsuldarl\u0131\u011f\u0131n art\u0131r\u0131lmas\u0131na k\u00f6m\u0259k edir. 04...\" \/>\n<meta property=\"og:url\" content=\"https:\/\/lgs.az\/ru\/services\/\" \/>\n<meta property=\"og:site_name\" content=\"Leads Group Supply\" \/>\n<meta property=\"article:publisher\" content=\"https:\/\/www.facebook.com\/checkpoint\/1501092823525282\/?next=httpswww.facebook.com\" \/>\n<meta property=\"article:modified_time\" content=\"2024-09-10T13:12:28+00:00\" \/>\n<meta property=\"og:image\" content=\"https:\/\/lgs.az\/wp-content\/uploads\/2024\/08\/3d-rendering-ventilation-system_23-2149281304.jpg\" \/>\n<meta name=\"twitter:card\" content=\"summary_large_image\" \/>\n<meta name=\"twitter:label1\" content=\"\u041f\u0440\u0438\u043c\u0435\u0440\u043d\u043e\u0435 \u0432\u0440\u0435\u043c\u044f \u0434\u043b\u044f \u0447\u0442\u0435\u043d\u0438\u044f\" \/>\n\t<meta name=\"twitter:data1\" content=\"5 \u043c\u0438\u043d\u0443\u0442\" \/>\n<script type=\"application\/ld+json\" class=\"yoast-schema-graph\">{\"@context\":\"https:\\\/\\\/schema.org\",\"@graph\":[{\"@type\":\"WebPage\",\"@id\":\"https:\\\/\\\/lgs.az\\\/services\\\/\",\"url\":\"https:\\\/\\\/lgs.az\\\/services\\\/\",\"name\":\"Xidm\u0259tl\u0259r - Leads Group Supply\",\"isPartOf\":{\"@id\":\"https:\\\/\\\/lgs.az\\\/#website\"},\"primaryImageOfPage\":{\"@id\":\"https:\\\/\\\/lgs.az\\\/services\\\/#primaryimage\"},\"image\":{\"@id\":\"https:\\\/\\\/lgs.az\\\/services\\\/#primaryimage\"},\"thumbnailUrl\":\"https:\\\/\\\/lgs.az\\\/wp-content\\\/uploads\\\/2024\\\/08\\\/3d-rendering-ventilation-system_23-2149281304.jpg\",\"datePublished\":\"2024-01-03T11:06:22+00:00\",\"dateModified\":\"2024-09-10T13:12:28+00:00\",\"breadcrumb\":{\"@id\":\"https:\\\/\\\/lgs.az\\\/services\\\/#breadcrumb\"},\"inLanguage\":\"ru-RU\",\"potentialAction\":[{\"@type\":\"ReadAction\",\"target\":[\"https:\\\/\\\/lgs.az\\\/services\\\/\"]}]},{\"@type\":\"ImageObject\",\"inLanguage\":\"ru-RU\",\"@id\":\"https:\\\/\\\/lgs.az\\\/services\\\/#primaryimage\",\"url\":\"https:\\\/\\\/lgs.az\\\/wp-content\\\/uploads\\\/2024\\\/08\\\/3d-rendering-ventilation-system_23-2149281304.jpg\",\"contentUrl\":\"https:\\\/\\\/lgs.az\\\/wp-content\\\/uploads\\\/2024\\\/08\\\/3d-rendering-ventilation-system_23-2149281304.jpg\"},{\"@type\":\"BreadcrumbList\",\"@id\":\"https:\\\/\\\/lgs.az\\\/services\\\/#breadcrumb\",\"itemListElement\":[{\"@type\":\"ListItem\",\"position\":1,\"name\":\"Home\",\"item\":\"https:\\\/\\\/lgs.az\\\/\"},{\"@type\":\"ListItem\",\"position\":2,\"name\":\"Xidm\u0259tl\u0259r\"}]},{\"@type\":\"WebSite\",\"@id\":\"https:\\\/\\\/lgs.az\\\/#website\",\"url\":\"https:\\\/\\\/lgs.az\\\/\",\"name\":\"Leads Group Supply\",\"description\":\"as close as light\",\"publisher\":{\"@id\":\"https:\\\/\\\/lgs.az\\\/#organization\"},\"potentialAction\":[{\"@type\":\"SearchAction\",\"target\":{\"@type\":\"EntryPoint\",\"urlTemplate\":\"https:\\\/\\\/lgs.az\\\/?s={search_term_string}\"},\"query-input\":{\"@type\":\"PropertyValueSpecification\",\"valueRequired\":true,\"valueName\":\"search_term_string\"}}],\"inLanguage\":\"ru-RU\"},{\"@type\":\"Organization\",\"@id\":\"https:\\\/\\\/lgs.az\\\/#organization\",\"name\":\"Leads Group Supply\",\"url\":\"https:\\\/\\\/lgs.az\\\/\",\"logo\":{\"@type\":\"ImageObject\",\"inLanguage\":\"ru-RU\",\"@id\":\"https:\\\/\\\/lgs.az\\\/#\\\/schema\\\/logo\\\/image\\\/\",\"url\":\"https:\\\/\\\/lgs.az\\\/wp-content\\\/uploads\\\/2024\\\/08\\\/logo-1.png\",\"contentUrl\":\"https:\\\/\\\/lgs.az\\\/wp-content\\\/uploads\\\/2024\\\/08\\\/logo-1.png\",\"width\":250,\"height\":120,\"caption\":\"Leads Group Supply\"},\"image\":{\"@id\":\"https:\\\/\\\/lgs.az\\\/#\\\/schema\\\/logo\\\/image\\\/\"},\"sameAs\":[\"https:\\\/\\\/www.facebook.com\\\/checkpoint\\\/1501092823525282\\\/?next=httpswww.facebook.com\",\"https:\\\/\\\/www.instagram.com\\\/lgs.az\\\/\"]}]}<\/script>\n<!-- \/ Yoast SEO plugin. -->","yoast_head_json":{"title":"Xidm\u0259tl\u0259r - Leads Group Supply","robots":{"index":"index","follow":"follow","max-snippet":"max-snippet:-1","max-image-preview":"max-image-preview:large","max-video-preview":"max-video-preview:-1"},"canonical":"https:\/\/lgs.az\/ru\/services\/","og_locale":"ru_RU","og_type":"article","og_title":"Xidm\u0259tl\u0259r - Leads Group Supply","og_description":"\u0130\u015f\u0131qland\u0131rma Sisteml\u0259ri \u0130\u015f\u0131qland\u0131rma sisteml\u0259ri m\u00fcasir tikinti v\u0259 s\u0259naye layih\u0259l\u0259rinin ayr\u0131lmaz hiss\u0259sidir. 01 Tikinti Materiallar\u0131 Tikinti materiallar\u0131 m\u00fcasir in\u015faat\u0131n t\u0259m\u0259l da\u015flar\u0131n\u0131 t\u0259\u015fkil edir.. 02 Alternativ Enerji M\u0259nb\u0259l\u0259ri Alternativ enerji m\u0259nb\u0259l\u0259ri enerjinin t\u0259miz v\u0259 davaml\u0131 istifad\u0259sini t\u0259min edir. 03 S\u0259naye Materiallar\u0131 v\u0259 Avadanl\u0131qlar\u0131 Keyfiyy\u0259tli materiallar v\u0259 m\u00fcasir avadanl\u0131qlar, istehsal prosesl\u0259rinin optimalla\u015fd\u0131r\u0131lmas\u0131na v\u0259 m\u0259hsuldarl\u0131\u011f\u0131n art\u0131r\u0131lmas\u0131na k\u00f6m\u0259k edir. 04...","og_url":"https:\/\/lgs.az\/ru\/services\/","og_site_name":"Leads Group Supply","article_publisher":"https:\/\/www.facebook.com\/checkpoint\/1501092823525282\/?next=httpswww.facebook.com","article_modified_time":"2024-09-10T13:12:28+00:00","og_image":[{"url":"https:\/\/lgs.az\/wp-content\/uploads\/2024\/08\/3d-rendering-ventilation-system_23-2149281304.jpg","type":"","width":"","height":""}],"twitter_card":"summary_large_image","twitter_misc":{"\u041f\u0440\u0438\u043c\u0435\u0440\u043d\u043e\u0435 \u0432\u0440\u0435\u043c\u044f \u0434\u043b\u044f \u0447\u0442\u0435\u043d\u0438\u044f":"5 \u043c\u0438\u043d\u0443\u0442"},"schema":{"@context":"https:\/\/schema.org","@graph":[{"@type":"WebPage","@id":"https:\/\/lgs.az\/services\/","url":"https:\/\/lgs.az\/services\/","name":"Xidm\u0259tl\u0259r - Leads Group Supply","isPartOf":{"@id":"https:\/\/lgs.az\/#website"},"primaryImageOfPage":{"@id":"https:\/\/lgs.az\/services\/#primaryimage"},"image":{"@id":"https:\/\/lgs.az\/services\/#primaryimage"},"thumbnailUrl":"https:\/\/lgs.az\/wp-content\/uploads\/2024\/08\/3d-rendering-ventilation-system_23-2149281304.jpg","datePublished":"2024-01-03T11:06:22+00:00","dateModified":"2024-09-10T13:12:28+00:00","breadcrumb":{"@id":"https:\/\/lgs.az\/services\/#breadcrumb"},"inLanguage":"ru-RU","potentialAction":[{"@type":"ReadAction","target":["https:\/\/lgs.az\/services\/"]}]},{"@type":"ImageObject","inLanguage":"ru-RU","@id":"https:\/\/lgs.az\/services\/#primaryimage","url":"https:\/\/lgs.az\/wp-content\/uploads\/2024\/08\/3d-rendering-ventilation-system_23-2149281304.jpg","contentUrl":"https:\/\/lgs.az\/wp-content\/uploads\/2024\/08\/3d-rendering-ventilation-system_23-2149281304.jpg"},{"@type":"BreadcrumbList","@id":"https:\/\/lgs.az\/services\/#breadcrumb","itemListElement":[{"@type":"ListItem","position":1,"name":"Home","item":"https:\/\/lgs.az\/"},{"@type":"ListItem","position":2,"name":"Xidm\u0259tl\u0259r"}]},{"@type":"WebSite","@id":"https:\/\/lgs.az\/#website","url":"https:\/\/lgs.az\/","name":"Leads Group Supply","description":"as close as light","publisher":{"@id":"https:\/\/lgs.az\/#organization"},"potentialAction":[{"@type":"SearchAction","target":{"@type":"EntryPoint","urlTemplate":"https:\/\/lgs.az\/?s={search_term_string}"},"query-input":{"@type":"PropertyValueSpecification","valueRequired":true,"valueName":"search_term_string"}}],"inLanguage":"ru-RU"},{"@type":"Organization","@id":"https:\/\/lgs.az\/#organization","name":"Leads Group Supply","url":"https:\/\/lgs.az\/","logo":{"@type":"ImageObject","inLanguage":"ru-RU","@id":"https:\/\/lgs.az\/#\/schema\/logo\/image\/","url":"https:\/\/lgs.az\/wp-content\/uploads\/2024\/08\/logo-1.png","contentUrl":"https:\/\/lgs.az\/wp-content\/uploads\/2024\/08\/logo-1.png","width":250,"height":120,"caption":"Leads Group Supply"},"image":{"@id":"https:\/\/lgs.az\/#\/schema\/logo\/image\/"},"sameAs":["https:\/\/www.facebook.com\/checkpoint\/1501092823525282\/?next=httpswww.facebook.com","https:\/\/www.instagram.com\/lgs.az\/"]}]}},"_links":{"self":[{"href":"https:\/\/lgs.az\/ru\/wp-json\/wp\/v2\/pages\/26","targetHints":{"allow":["GET"]}}],"collection":[{"href":"https:\/\/lgs.az\/ru\/wp-json\/wp\/v2\/pages"}],"about":[{"href":"https:\/\/lgs.az\/ru\/wp-json\/wp\/v2\/types\/page"}],"author":[{"embeddable":true,"href":"https:\/\/lgs.az\/ru\/wp-json\/wp\/v2\/users\/1"}],"replies":[{"embeddable":true,"href":"https:\/\/lgs.az\/ru\/wp-json\/wp\/v2\/comments?post=26"}],"version-history":[{"count":3,"href":"https:\/\/lgs.az\/ru\/wp-json\/wp\/v2\/pages\/26\/revisions"}],"predecessor-version":[{"id":30106,"href":"https:\/\/lgs.az\/ru\/wp-json\/wp\/v2\/pages\/26\/revisions\/30106"}],"wp:attachment":[{"href":"https:\/\/lgs.az\/ru\/wp-json\/wp\/v2\/media?parent=26"}],"curies":[{"name":"wp","href":"https:\/\/api.w.org\/{rel}","templated":true}]}}