{"id":29888,"date":"2024-08-31T13:18:14","date_gmt":"2024-08-31T13:18:14","guid":{"rendered":"https:\/\/lgs.az\/?page_id=29888"},"modified":"2025-04-26T05:11:59","modified_gmt":"2025-04-26T05:11:59","slug":"karyera","status":"publish","type":"page","link":"https:\/\/lgs.az\/ru\/karyera\/","title":{"rendered":"\u041a\u0430\u0440\u044c\u0435\u0440\u0430"},"content":{"rendered":"<div data-elementor-type=\"wp-page\" data-elementor-id=\"29888\" class=\"elementor elementor-29888\" data-elementor-post-type=\"page\">\n\t\t\t\t\r\n\t\t<div class=\"default no-position show_shadow rs-sticky-default elementor-element elementor-element-2544faa e-flex e-con-boxed e-con e-parent\" data-id=\"2544faa\" data-element_type=\"container\" data-e-type=\"container\">\n\t\t\t\t\t<div class=\"e-con-inner\">\n\t\t\r\n\t\t<div class=\"default no-position show_shadow rs-sticky-default elementor-element elementor-element-f41880c e-con-full e-flex e-con e-child\" data-id=\"f41880c\" data-element_type=\"container\" data-e-type=\"container\">\n\t\t\r\n\t\t\t\t<div class=\"elementor-element elementor-element-98600db elementor-absolute elementor-hidden-tablet elementor-hidden-mobile elementor-widget elementor-widget-rs-image\" data-id=\"98600db\" data-element_type=\"widget\" data-e-type=\"widget\" data-settings=\"{&quot;_position&quot;:&quot;absolute&quot;}\" data-widget_type=\"rs-image.default\">\n\t\t\t\t<div class=\"elementor-widget-container\">\n\t\t\t\t\t\n        <div class=\"rs-image no ruler_image_no ruler_position_\">\n                                                            <img decoding=\"async\" class=\"rs-multi-image  reverse- blend_unset\" src=\"https:\/\/industrie.rstheme.com\/oil\/wp-content\/uploads\/2024\/01\/about-h3-shape2.png\" alt=\"image\"\/>\n                                                                        <\/div>   \n          \n    \t\t\t\t<\/div>\n\t\t\t\t<\/div>\n\t\t\r\n\t\t\t\t<div class=\"elementor-element elementor-element-d6c67d7 elementor-absolute elementor-hidden-tablet elementor-hidden-mobile elementor-widget elementor-widget-rs-image\" data-id=\"d6c67d7\" data-element_type=\"widget\" data-e-type=\"widget\" data-settings=\"{&quot;_position&quot;:&quot;absolute&quot;}\" data-widget_type=\"rs-image.default\">\n\t\t\t\t<div class=\"elementor-widget-container\">\n\t\t\t\t\t\n        <div class=\"rs-image no ruler_image_no ruler_position_\">\n                                                            <img decoding=\"async\" class=\"rs-multi-image  reverse- blend_unset\" src=\"https:\/\/industrie.rstheme.com\/oil\/wp-content\/uploads\/2024\/01\/about-h3-shape1.png\" alt=\"image\"\/>\n                                                                        <\/div>   \n          \n    \t\t\t\t<\/div>\n\t\t\t\t<\/div>\n\t\t\r\n\t\t<div class=\"default no-position show_shadow rs-sticky-default elementor-element elementor-element-98090da e-flex e-con-boxed e-con e-child\" data-id=\"98090da\" data-element_type=\"container\" data-e-type=\"container\">\n\t\t\t\t\t<div class=\"e-con-inner\">\n\t\t\r\n\t\t<div class=\"default no-position show_shadow rs-sticky-default elementor-element elementor-element-63080c5 elementor-hidden-mobile e-con-full e-flex e-con e-child\" data-id=\"63080c5\" data-element_type=\"container\" data-e-type=\"container\">\n\t\t\r\n\t\t\t\t<div class=\"elementor-element elementor-element-80659ee elementor-widget elementor-widget-image\" data-id=\"80659ee\" data-element_type=\"widget\" data-e-type=\"widget\" data-widget_type=\"image.default\">\n\t\t\t\t<div class=\"elementor-widget-container\">\n\t\t\t\t\t\t\t\t\t\t\t\t\t\t\t<img fetchpriority=\"high\" decoding=\"async\" width=\"372\" height=\"414\" src=\"https:\/\/lgs.az\/wp-content\/uploads\/2024\/08\/partnership2.webp\" class=\"attachment-large size-large wp-image-29553\" alt=\"\" srcset=\"https:\/\/lgs.az\/wp-content\/uploads\/2024\/08\/partnership2.webp 372w, https:\/\/lgs.az\/wp-content\/uploads\/2024\/08\/partnership2-270x300.webp 270w\" sizes=\"(max-width: 372px) 100vw, 372px\" \/>\t\t\t\t\t\t\t\t\t\t\t\t\t\t\t<\/div>\n\t\t\t\t<\/div>\n\t\t\t\t<\/div>\n\t\t\r\n\t\t<div class=\"default no-position show_shadow rs-sticky-default elementor-element elementor-element-db7bac1 e-flex e-con-boxed e-con e-child\" data-id=\"db7bac1\" data-element_type=\"container\" data-e-type=\"container\">\n\t\t\t\t\t<div class=\"e-con-inner\">\n\t\t\r\n\t\t\t\t<div class=\"elementor-element elementor-element-060dc06 elementor-widget elementor-widget-rs-heading\" data-id=\"060dc06\" data-element_type=\"widget\" data-e-type=\"widget\" data-widget_type=\"rs-heading.default\">\n\t\t\t\t<div class=\"elementor-widget-container\">\n\t\t\t\t\t\n\t\t<div class=\"prelements-heading style1\">\n\t\t\t<div class=\"title-inner\">\n\t\t\t\t\t\t\t\t\t<span class=\"sub-text\">\n\t\t\t\t\t\t<svg xmlns=\"http:\/\/www.w3.org\/2000\/svg\" width=\"17\" height=\"12\" viewbox=\"0 0 17 12\" fill=\"none\"><path d=\"M10.9091 8.57143L16.3636 12L0 12L5.45454 8.57143L10.9091 8.57143Z\" fill=\"#F7C600\"><\/path><path fill-rule=\"evenodd\" clip-rule=\"evenodd\" d=\"M10.9091 5.14286L16.3636 8.57143L10.9091 8.57143L8.18182 6.85714L5.45454 8.57143L-1.49868e-07 8.57143L5.45454 5.14286L10.9091 5.14286ZM10.9091 5.14286L8.18182 3.42857L5.45454 5.14286L-2.99735e-07 5.14286L8.18182 -3.57639e-07L16.3636 5.14286L10.9091 5.14286Z\" fill=\"#F7C600\"><\/path><\/svg>\t\t\t\t\t\t\n\t\t\t\t\t<\/span>\n\t\t\t\t\n\t\t\t<\/div>\n\t\t\t\t\t\t\t<div class=\"description\">\n\t\t\t\t\t<p>\u0412 LGS \u0440\u043e\u0441\u0442 \u0438 \u0443\u0441\u043f\u0435\u0445 \u043d\u0430\u0448\u0435\u0439 \u043a\u043e\u043c\u043f\u0430\u043d\u0438\u0438 \u043e\u0441\u043d\u043e\u0432\u0430\u043d\u044b \u043d\u0430 \u043d\u0430\u0432\u044b\u043a\u0430\u0445 \u0438 \u043f\u043e\u0442\u0435\u043d\u0446\u0438\u0430\u043b\u0435 \u0447\u043b\u0435\u043d\u043e\u0432 \u043d\u0430\u0448\u0435\u0439 \u043a\u043e\u043c\u0430\u043d\u0434\u044b. \u041c\u044b \u043f\u043e\u0441\u0442\u043e\u044f\u043d\u043d\u043e \u0440\u0430\u0431\u043e\u0442\u0430\u0435\u043c \u043d\u0430\u0434 \u043f\u043e\u0434\u0434\u0435\u0440\u0436\u043a\u043e\u0439 \u043f\u0440\u043e\u0444\u0435\u0441\u0441\u0438\u043e\u043d\u0430\u043b\u044c\u043d\u043e\u0433\u043e \u0440\u0430\u0437\u0432\u0438\u0442\u0438\u044f \u043d\u0430\u0448\u0438\u0445 \u0441\u043e\u0442\u0440\u0443\u0434\u043d\u0438\u043a\u043e\u0432 \u0438 \u0440\u0430\u0441\u0448\u0438\u0440\u0435\u043d\u0438\u0435\u043c \u0438\u0445 \u043a\u0430\u0440\u044c\u0435\u0440\u043d\u044b\u0445 \u0432\u043e\u0437\u043c\u043e\u0436\u043d\u043e\u0441\u0442\u0435\u0439 \u0432 \u0441\u043e\u0432\u0440\u0435\u043c\u0435\u043d\u043d\u043e\u0439 \u0440\u0430\u0431\u043e\u0447\u0435\u0439 \u0441\u0440\u0435\u0434\u0435.<\/p><p class=\"translation-block\">\u0415\u0441\u043b\u0438 \u0432\u044b \u0445\u043e\u0442\u0438\u0442\u0435 \u0441\u0442\u0430\u0442\u044c \u0447\u0430\u0441\u0442\u044c\u044e \u043d\u0430\u0448\u0435\u0439 \u0434\u0438\u043d\u0430\u043c\u0438\u0447\u043d\u043e\u0439 \u0438 \u0443\u0441\u043f\u0435\u0448\u043d\u043e\u0439 \u043a\u043e\u043c\u0430\u043d\u0434\u044b \u0438 \u0432\u044b\u0432\u0435\u0441\u0442\u0438 \u0441\u0432\u043e\u044e \u043a\u0430\u0440\u044c\u0435\u0440\u0443 \u043d\u0430 \u043d\u043e\u0432\u044b\u0435 \u0432\u044b\u0441\u043e\u0442\u044b, \u043e\u0442\u043f\u0440\u0430\u0432\u044c\u0442\u0435 \u043d\u0430\u043c \u0441\u0432\u043e\u0435 \u0440\u0435\u0437\u044e\u043c\u0435 \u0432\u043c\u0435\u0441\u0442\u0435 \u0441 \u0434\u043e\u043b\u0436\u043d\u043e\u0441\u0442\u044c\u044e, \u043d\u0430 \u043a\u043e\u0442\u043e\u0440\u0443\u044e \u0432\u044b \u043f\u0440\u0435\u0442\u0435\u043d\u0434\u0443\u0435\u0442\u0435, \u044d\u043b\u0435\u043a\u0442\u0440\u043e\u043d\u043d\u0443\u044e \u043f\u043e\u0447\u0442\u0443: sales@lgs.az.<\/p><p>\u0421\u0442\u0440\u043e\u0439\u0442\u0435 \u0441\u0432\u043e\u0435 \u0431\u0443\u0434\u0443\u0449\u0435\u0435 \u0432\u043c\u0435\u0441\u0442\u0435 \u0441 \u043d\u0430\u043c\u0438 \u0432 LGS \u0438 \u043e\u0442\u043a\u0440\u044b\u0432\u0430\u0439\u0442\u0435 \u043d\u043e\u0432\u044b\u0435 \u0432\u043e\u0437\u043c\u043e\u0436\u043d\u043e\u0441\u0442\u0438!<\/p>\t\t\t\t<\/div>\n\t\t\t\t\t<\/div>\n\t\t\t\t<\/div>\n\t\t\t\t<\/div>\n\t\t\t\t\t<\/div>\n\t\t\t\t<\/div>\n\t\t\t\t\t<\/div>\n\t\t\t\t<\/div>\n\t\t\t\t<\/div>\n\t\t\t\t\t<\/div>\n\t\t\t\t<\/div>\n\t\t\t\t<\/div>","protected":false},"excerpt":{"rendered":"<p>LGS olaraq, \u015firk\u0259timizin inki\u015faf\u0131 v\u0259 m\u00fcv\u0259ff\u0259qiyy\u0259ti, komanda \u00fczvl\u0259rimizin bacar\u0131q v\u0259 potensial\u0131na \u0259saslan\u0131r. Biz, \u0259m\u0259kda\u015flar\u0131m\u0131z\u0131n pe\u015f\u0259kar inki\u015faf\u0131n\u0131 d\u0259st\u0259kl\u0259m\u0259k v\u0259 m\u00fcasir i\u015f m\u00fchitind\u0259 karyera imkanlar\u0131n\u0131 art\u0131rmaq \u00fc\u00e7\u00fcn daim \u00e7al\u0131\u015f\u0131r\u0131q. \u018fg\u0259r siz d\u0259 dinamik v\u0259 m\u00fcv\u0259ff\u0259qiyy\u0259tli komandam\u0131z\u0131n bir hiss\u0259si olmaq, karyeran\u0131z\u0131 yeni zirv\u0259l\u0259r\u0259 da\u015f\u0131mak ist\u0259yirsinizs\u0259, CV-nizi v\u0259 m\u00fcraci\u0259t etdiyiniz v\u0259zif\u0259ni qeyd ed\u0259r\u0259k sales@lgs.az e-mail \u00fcnvan\u0131m\u0131za g\u00f6nd\u0259rin. LGS-d\u0259 g\u0259l\u0259c\u0259yinizi&#8230;<\/p>","protected":false},"author":1,"featured_media":0,"parent":0,"menu_order":0,"comment_status":"closed","ping_status":"closed","template":"elementor_header_footer","meta":{"footnotes":""},"class_list":["post-29888","page","type-page","status-publish","hentry"],"yoast_head":"<!-- This site is optimized with the Yoast SEO plugin v27.4 - https:\/\/yoast.com\/product\/yoast-seo-wordpress\/ -->\n<title>Karyera - Leads Group Supply<\/title>\n<meta name=\"robots\" content=\"index, follow, max-snippet:-1, max-image-preview:large, max-video-preview:-1\" \/>\n<link rel=\"canonical\" href=\"https:\/\/lgs.az\/ru\/karyera\/\" \/>\n<meta property=\"og:locale\" content=\"ru_RU\" \/>\n<meta property=\"og:type\" content=\"article\" \/>\n<meta property=\"og:title\" content=\"Karyera - Leads Group Supply\" \/>\n<meta property=\"og:description\" content=\"LGS olaraq, \u015firk\u0259timizin inki\u015faf\u0131 v\u0259 m\u00fcv\u0259ff\u0259qiyy\u0259ti, komanda \u00fczvl\u0259rimizin bacar\u0131q v\u0259 potensial\u0131na \u0259saslan\u0131r. Biz, \u0259m\u0259kda\u015flar\u0131m\u0131z\u0131n pe\u015f\u0259kar inki\u015faf\u0131n\u0131 d\u0259st\u0259kl\u0259m\u0259k v\u0259 m\u00fcasir i\u015f m\u00fchitind\u0259 karyera imkanlar\u0131n\u0131 art\u0131rmaq \u00fc\u00e7\u00fcn daim \u00e7al\u0131\u015f\u0131r\u0131q. \u018fg\u0259r siz d\u0259 dinamik v\u0259 m\u00fcv\u0259ff\u0259qiyy\u0259tli komandam\u0131z\u0131n bir hiss\u0259si olmaq, karyeran\u0131z\u0131 yeni zirv\u0259l\u0259r\u0259 da\u015f\u0131mak ist\u0259yirsinizs\u0259, CV-nizi v\u0259 m\u00fcraci\u0259t etdiyiniz v\u0259zif\u0259ni qeyd ed\u0259r\u0259k sales@lgs.az e-mail \u00fcnvan\u0131m\u0131za g\u00f6nd\u0259rin. LGS-d\u0259 g\u0259l\u0259c\u0259yinizi...\" \/>\n<meta property=\"og:url\" content=\"https:\/\/lgs.az\/ru\/karyera\/\" \/>\n<meta property=\"og:site_name\" content=\"Leads Group Supply\" \/>\n<meta property=\"article:publisher\" content=\"https:\/\/www.facebook.com\/checkpoint\/1501092823525282\/?next=httpswww.facebook.com\" \/>\n<meta property=\"article:modified_time\" content=\"2025-04-26T05:11:59+00:00\" \/>\n<meta property=\"og:image\" content=\"https:\/\/industrie.rstheme.com\/oil\/wp-content\/uploads\/2024\/01\/about-h3-shape2.png\" \/>\n<meta name=\"twitter:card\" content=\"summary_large_image\" \/>\n<meta name=\"twitter:label1\" content=\"\u041f\u0440\u0438\u043c\u0435\u0440\u043d\u043e\u0435 \u0432\u0440\u0435\u043c\u044f \u0434\u043b\u044f \u0447\u0442\u0435\u043d\u0438\u044f\" \/>\n\t<meta name=\"twitter:data1\" content=\"1 \u043c\u0438\u043d\u0443\u0442\u0430\" \/>\n<script type=\"application\/ld+json\" class=\"yoast-schema-graph\">{\"@context\":\"https:\\\/\\\/schema.org\",\"@graph\":[{\"@type\":\"WebPage\",\"@id\":\"https:\\\/\\\/lgs.az\\\/karyera\\\/\",\"url\":\"https:\\\/\\\/lgs.az\\\/karyera\\\/\",\"name\":\"Karyera - Leads Group Supply\",\"isPartOf\":{\"@id\":\"https:\\\/\\\/lgs.az\\\/#website\"},\"primaryImageOfPage\":{\"@id\":\"https:\\\/\\\/lgs.az\\\/karyera\\\/#primaryimage\"},\"image\":{\"@id\":\"https:\\\/\\\/lgs.az\\\/karyera\\\/#primaryimage\"},\"thumbnailUrl\":\"https:\\\/\\\/industrie.rstheme.com\\\/oil\\\/wp-content\\\/uploads\\\/2024\\\/01\\\/about-h3-shape2.png\",\"datePublished\":\"2024-08-31T13:18:14+00:00\",\"dateModified\":\"2025-04-26T05:11:59+00:00\",\"breadcrumb\":{\"@id\":\"https:\\\/\\\/lgs.az\\\/karyera\\\/#breadcrumb\"},\"inLanguage\":\"ru-RU\",\"potentialAction\":[{\"@type\":\"ReadAction\",\"target\":[\"https:\\\/\\\/lgs.az\\\/karyera\\\/\"]}]},{\"@type\":\"ImageObject\",\"inLanguage\":\"ru-RU\",\"@id\":\"https:\\\/\\\/lgs.az\\\/karyera\\\/#primaryimage\",\"url\":\"https:\\\/\\\/industrie.rstheme.com\\\/oil\\\/wp-content\\\/uploads\\\/2024\\\/01\\\/about-h3-shape2.png\",\"contentUrl\":\"https:\\\/\\\/industrie.rstheme.com\\\/oil\\\/wp-content\\\/uploads\\\/2024\\\/01\\\/about-h3-shape2.png\"},{\"@type\":\"BreadcrumbList\",\"@id\":\"https:\\\/\\\/lgs.az\\\/karyera\\\/#breadcrumb\",\"itemListElement\":[{\"@type\":\"ListItem\",\"position\":1,\"name\":\"Home\",\"item\":\"https:\\\/\\\/lgs.az\\\/\"},{\"@type\":\"ListItem\",\"position\":2,\"name\":\"Karyera\"}]},{\"@type\":\"WebSite\",\"@id\":\"https:\\\/\\\/lgs.az\\\/#website\",\"url\":\"https:\\\/\\\/lgs.az\\\/\",\"name\":\"Leads Group Supply\",\"description\":\"as close as light\",\"publisher\":{\"@id\":\"https:\\\/\\\/lgs.az\\\/#organization\"},\"potentialAction\":[{\"@type\":\"SearchAction\",\"target\":{\"@type\":\"EntryPoint\",\"urlTemplate\":\"https:\\\/\\\/lgs.az\\\/?s={search_term_string}\"},\"query-input\":{\"@type\":\"PropertyValueSpecification\",\"valueRequired\":true,\"valueName\":\"search_term_string\"}}],\"inLanguage\":\"ru-RU\"},{\"@type\":\"Organization\",\"@id\":\"https:\\\/\\\/lgs.az\\\/#organization\",\"name\":\"Leads Group Supply\",\"url\":\"https:\\\/\\\/lgs.az\\\/\",\"logo\":{\"@type\":\"ImageObject\",\"inLanguage\":\"ru-RU\",\"@id\":\"https:\\\/\\\/lgs.az\\\/#\\\/schema\\\/logo\\\/image\\\/\",\"url\":\"https:\\\/\\\/lgs.az\\\/wp-content\\\/uploads\\\/2024\\\/08\\\/logo-1.png\",\"contentUrl\":\"https:\\\/\\\/lgs.az\\\/wp-content\\\/uploads\\\/2024\\\/08\\\/logo-1.png\",\"width\":250,\"height\":120,\"caption\":\"Leads Group Supply\"},\"image\":{\"@id\":\"https:\\\/\\\/lgs.az\\\/#\\\/schema\\\/logo\\\/image\\\/\"},\"sameAs\":[\"https:\\\/\\\/www.facebook.com\\\/checkpoint\\\/1501092823525282\\\/?next=httpswww.facebook.com\",\"https:\\\/\\\/www.instagram.com\\\/lgs.az\\\/\"]}]}<\/script>\n<!-- \/ Yoast SEO plugin. -->","yoast_head_json":{"title":"Karyera - Leads Group Supply","robots":{"index":"index","follow":"follow","max-snippet":"max-snippet:-1","max-image-preview":"max-image-preview:large","max-video-preview":"max-video-preview:-1"},"canonical":"https:\/\/lgs.az\/ru\/karyera\/","og_locale":"ru_RU","og_type":"article","og_title":"Karyera - Leads Group Supply","og_description":"LGS olaraq, \u015firk\u0259timizin inki\u015faf\u0131 v\u0259 m\u00fcv\u0259ff\u0259qiyy\u0259ti, komanda \u00fczvl\u0259rimizin bacar\u0131q v\u0259 potensial\u0131na \u0259saslan\u0131r. Biz, \u0259m\u0259kda\u015flar\u0131m\u0131z\u0131n pe\u015f\u0259kar inki\u015faf\u0131n\u0131 d\u0259st\u0259kl\u0259m\u0259k v\u0259 m\u00fcasir i\u015f m\u00fchitind\u0259 karyera imkanlar\u0131n\u0131 art\u0131rmaq \u00fc\u00e7\u00fcn daim \u00e7al\u0131\u015f\u0131r\u0131q. \u018fg\u0259r siz d\u0259 dinamik v\u0259 m\u00fcv\u0259ff\u0259qiyy\u0259tli komandam\u0131z\u0131n bir hiss\u0259si olmaq, karyeran\u0131z\u0131 yeni zirv\u0259l\u0259r\u0259 da\u015f\u0131mak ist\u0259yirsinizs\u0259, CV-nizi v\u0259 m\u00fcraci\u0259t etdiyiniz v\u0259zif\u0259ni qeyd ed\u0259r\u0259k sales@lgs.az e-mail \u00fcnvan\u0131m\u0131za g\u00f6nd\u0259rin. LGS-d\u0259 g\u0259l\u0259c\u0259yinizi...","og_url":"https:\/\/lgs.az\/ru\/karyera\/","og_site_name":"Leads Group Supply","article_publisher":"https:\/\/www.facebook.com\/checkpoint\/1501092823525282\/?next=httpswww.facebook.com","article_modified_time":"2025-04-26T05:11:59+00:00","og_image":[{"url":"https:\/\/industrie.rstheme.com\/oil\/wp-content\/uploads\/2024\/01\/about-h3-shape2.png","type":"","width":"","height":""}],"twitter_card":"summary_large_image","twitter_misc":{"\u041f\u0440\u0438\u043c\u0435\u0440\u043d\u043e\u0435 \u0432\u0440\u0435\u043c\u044f \u0434\u043b\u044f \u0447\u0442\u0435\u043d\u0438\u044f":"1 \u043c\u0438\u043d\u0443\u0442\u0430"},"schema":{"@context":"https:\/\/schema.org","@graph":[{"@type":"WebPage","@id":"https:\/\/lgs.az\/karyera\/","url":"https:\/\/lgs.az\/karyera\/","name":"Karyera - Leads Group Supply","isPartOf":{"@id":"https:\/\/lgs.az\/#website"},"primaryImageOfPage":{"@id":"https:\/\/lgs.az\/karyera\/#primaryimage"},"image":{"@id":"https:\/\/lgs.az\/karyera\/#primaryimage"},"thumbnailUrl":"https:\/\/industrie.rstheme.com\/oil\/wp-content\/uploads\/2024\/01\/about-h3-shape2.png","datePublished":"2024-08-31T13:18:14+00:00","dateModified":"2025-04-26T05:11:59+00:00","breadcrumb":{"@id":"https:\/\/lgs.az\/karyera\/#breadcrumb"},"inLanguage":"ru-RU","potentialAction":[{"@type":"ReadAction","target":["https:\/\/lgs.az\/karyera\/"]}]},{"@type":"ImageObject","inLanguage":"ru-RU","@id":"https:\/\/lgs.az\/karyera\/#primaryimage","url":"https:\/\/industrie.rstheme.com\/oil\/wp-content\/uploads\/2024\/01\/about-h3-shape2.png","contentUrl":"https:\/\/industrie.rstheme.com\/oil\/wp-content\/uploads\/2024\/01\/about-h3-shape2.png"},{"@type":"BreadcrumbList","@id":"https:\/\/lgs.az\/karyera\/#breadcrumb","itemListElement":[{"@type":"ListItem","position":1,"name":"Home","item":"https:\/\/lgs.az\/"},{"@type":"ListItem","position":2,"name":"Karyera"}]},{"@type":"WebSite","@id":"https:\/\/lgs.az\/#website","url":"https:\/\/lgs.az\/","name":"Leads Group Supply","description":"as close as light","publisher":{"@id":"https:\/\/lgs.az\/#organization"},"potentialAction":[{"@type":"SearchAction","target":{"@type":"EntryPoint","urlTemplate":"https:\/\/lgs.az\/?s={search_term_string}"},"query-input":{"@type":"PropertyValueSpecification","valueRequired":true,"valueName":"search_term_string"}}],"inLanguage":"ru-RU"},{"@type":"Organization","@id":"https:\/\/lgs.az\/#organization","name":"Leads Group Supply","url":"https:\/\/lgs.az\/","logo":{"@type":"ImageObject","inLanguage":"ru-RU","@id":"https:\/\/lgs.az\/#\/schema\/logo\/image\/","url":"https:\/\/lgs.az\/wp-content\/uploads\/2024\/08\/logo-1.png","contentUrl":"https:\/\/lgs.az\/wp-content\/uploads\/2024\/08\/logo-1.png","width":250,"height":120,"caption":"Leads Group Supply"},"image":{"@id":"https:\/\/lgs.az\/#\/schema\/logo\/image\/"},"sameAs":["https:\/\/www.facebook.com\/checkpoint\/1501092823525282\/?next=httpswww.facebook.com","https:\/\/www.instagram.com\/lgs.az\/"]}]}},"_links":{"self":[{"href":"https:\/\/lgs.az\/ru\/wp-json\/wp\/v2\/pages\/29888","targetHints":{"allow":["GET"]}}],"collection":[{"href":"https:\/\/lgs.az\/ru\/wp-json\/wp\/v2\/pages"}],"about":[{"href":"https:\/\/lgs.az\/ru\/wp-json\/wp\/v2\/types\/page"}],"author":[{"embeddable":true,"href":"https:\/\/lgs.az\/ru\/wp-json\/wp\/v2\/users\/1"}],"replies":[{"embeddable":true,"href":"https:\/\/lgs.az\/ru\/wp-json\/wp\/v2\/comments?post=29888"}],"version-history":[{"count":7,"href":"https:\/\/lgs.az\/ru\/wp-json\/wp\/v2\/pages\/29888\/revisions"}],"predecessor-version":[{"id":30331,"href":"https:\/\/lgs.az\/ru\/wp-json\/wp\/v2\/pages\/29888\/revisions\/30331"}],"wp:attachment":[{"href":"https:\/\/lgs.az\/ru\/wp-json\/wp\/v2\/media?parent=29888"}],"curies":[{"name":"wp","href":"https:\/\/api.w.org\/{rel}","templated":true}]}}